{"id":30,"date":"2015-06-15T15:19:11","date_gmt":"2015-06-15T15:19:11","guid":{"rendered":"https:\/\/giram.ca\/wp\/?page_id=30"},"modified":"2026-04-21T10:54:56","modified_gmt":"2026-04-21T10:54:56","slug":"adhesion","status":"publish","type":"page","link":"http:\/\/giram.ca\/?page_id=30","title":{"rendered":"Devenir membre du GIRAM"},"content":{"rendered":"\n<p>Notre co\u00fbt d&rsquo;abonnement demeure toujours \u00e0 20$.<\/p>\n\n\n\n<p><a href=\"https:\/\/www.zeffy.com\/fr-CA\/ticketing\/adhesions-de-groupe-dinitiatives-et-de-recheches-appliquees-au-milieu\">https:\/\/www.zeffy.com\/fr-CA\/ticketing\/adhesions-de-groupe-dinitiatives-et-de-recheches-appliquees-au-milieu<\/a><\/p>\n\n\n<p>Vous pouvez aussi contribuer par <em><strong>interac<\/strong><\/em> en utilisant: <a href=\"mailto:GGAUVIN4@VIDEOTRON.CA\">GGAUVIN4@VIDEOTRON.CA<\/a>\u00a0<\/p>\n<p>ou encore, faites parvenir un ch\u00e8que de<br \/>20 $ \u00e0 l\u2019adresse suivante :<\/p>\n<p>GIRAM, 4870, boul. Guillaume-Couture, L\u00e9vis, G6V 0E8<\/p>\n<p>Pour plus d&rsquo;information et faire parvenir vos coordonn\u00e9es: adressez-vous \u00e0<\/p>\n<p><a href=\"mailto:GGAUVIN4@VIDEOTRON.CA\">GGAUVIN4@VIDEOTRON.CA<\/a>\u00a0<\/p>\n<p>Le Groupe de recherche et d\u2019initiatives appliqu\u00e9es au milieu vous remercie de votre appui!<\/p>","protected":false},"excerpt":{"rendered":"<p>Notre co\u00fbt d&rsquo;abonnement demeure toujours \u00e0 20$. https:\/\/www.zeffy.com\/fr-CA\/ticketing\/adhesions-de-groupe-dinitiatives-et-de-recheches-appliquees-au-milieu Vous pouvez aussi contribuer par interac en utilisant: GGAUVIN4@VIDEOTRON.CA\u00a0 ou encore, faites parvenir un ch\u00e8que de20 $ \u00e0 l\u2019adresse suivante : GIRAM, 4870, boul. Guillaume-Couture, L\u00e9vis, G6V 0E8 Pour plus d&rsquo;information et faire parvenir vos coordonn\u00e9es: adressez-vous \u00e0 GGAUVIN4@VIDEOTRON.CA\u00a0 Le Groupe de recherche et d\u2019initiatives appliqu\u00e9es au&hellip;<\/p>\n","protected":false},"author":2,"featured_media":0,"parent":0,"menu_order":0,"comment_status":"closed","ping_status":"closed","template":"","meta":{"footnotes":""},"class_list":["post-30","page","type-page","status-publish","hentry"],"_links":{"self":[{"href":"http:\/\/giram.ca\/index.php?rest_route=\/wp\/v2\/pages\/30","targetHints":{"allow":["GET"]}}],"collection":[{"href":"http:\/\/giram.ca\/index.php?rest_route=\/wp\/v2\/pages"}],"about":[{"href":"http:\/\/giram.ca\/index.php?rest_route=\/wp\/v2\/types\/page"}],"author":[{"embeddable":true,"href":"http:\/\/giram.ca\/index.php?rest_route=\/wp\/v2\/users\/2"}],"replies":[{"embeddable":true,"href":"http:\/\/giram.ca\/index.php?rest_route=%2Fwp%2Fv2%2Fcomments&post=30"}],"version-history":[{"count":46,"href":"http:\/\/giram.ca\/index.php?rest_route=\/wp\/v2\/pages\/30\/revisions"}],"predecessor-version":[{"id":4797,"href":"http:\/\/giram.ca\/index.php?rest_route=\/wp\/v2\/pages\/30\/revisions\/4797"}],"wp:attachment":[{"href":"http:\/\/giram.ca\/index.php?rest_route=%2Fwp%2Fv2%2Fmedia&parent=30"}],"curies":[{"name":"wp","href":"https:\/\/api.w.org\/{rel}","templated":true}]}}