{"id":2835,"date":"2024-11-25T01:18:58","date_gmt":"2024-11-25T01:18:58","guid":{"rendered":"https:\/\/giram.ca\/?page_id=2835"},"modified":"2025-12-15T15:13:37","modified_gmt":"2025-12-15T15:13:37","slug":"la-fondation-environnement-giram","status":"publish","type":"page","link":"http:\/\/giram.ca\/?page_id=2835","title":{"rendered":"FONDATION ENVIRONNEMENT GIRAM"},"content":{"rendered":"\n<figure class=\"wp-block-image size-full is-resized\"><a href=\"https:\/\/giram.ca\/wp\/wp-content\/uploads\/2022\/03\/logo_fondation_07_06-copie.jpg\"><img loading=\"lazy\" decoding=\"async\" width=\"486\" height=\"451\" src=\"https:\/\/giram.ca\/wp\/wp-content\/uploads\/2022\/03\/logo_fondation_07_06-copie.jpg\" alt=\"\" class=\"wp-image-1840\" style=\"width:107px;height:auto\" srcset=\"http:\/\/giram.ca\/wp\/wp-content\/uploads\/2022\/03\/logo_fondation_07_06-copie.jpg 486w, http:\/\/giram.ca\/wp\/wp-content\/uploads\/2022\/03\/logo_fondation_07_06-copie-300x278.jpg 300w\" sizes=\"auto, (max-width: 486px) 100vw, 486px\" \/><\/a><\/figure>\n\n\n\n<ul class=\"wp-block-list\">\n<li>Contribuer par diverses actions \u00e0 la protection de l\u2019environnement (1), \u00e0 la promotion de nouvelles pratiques en mati\u00e8re d\u2019am\u00e9nagement durable (2), ainsi qu\u2019\u00e0 la conservation et \u00e0 la mise en valeur des patrimoines naturels, culturels et b\u00e2tis (3);<\/li>\n\n\n\n<li>Soutenir la r\u00e9alisation d\u2019\u00e9tudes et de recherches appliqu\u00e9es aux enjeux de d\u00e9veloppement, de fa\u00e7on particuli\u00e8re, mais non exclusive, dans les r\u00e9gions de Chaudi\u00e8re-Appalaches et de la Capitale Nationale.<\/li>\n<\/ul>\n\n\n\n<p>Vous pouvez contribuer par un ch\u00e8que \u00e0 l\u2019ordre de la&nbsp;Fondation Environnement GIRAM et le faire parvenir par la poste \u00e0 l\u2019adresse suivante:<\/p>\n\n\n\n<p>FONDATION ENVIRONNEMENT GIRAM<\/p>\n\n\n\n<p>GIRAM, 4870, boul. Guillaume-Couture, L\u00e9vis, G6V 0E8<\/p>\n\n\n\n<p>Avec Interac\u00a0: utilisez<strong> : 581-986-8290<\/strong><\/p>\n\n\n\n<p>ou encore avec une carte de cr\u00e9dit, en utilisant Zeffy:<\/p>\n\n\n\n<p><a href=\"https:\/\/www.zeffy.com\/donation-form\/c68aeffd-0c13-407c-b4ef-650e92c15921\">https:\/\/www.zeffy.com\/donation-form\/c68aeffd-0c13-407c-b4ef-650e92c15921<\/a><\/p>\n\n\n\n<p>Avec CanaDon: carte de cr\u00e9dit et PayPal et plus.<\/p>\n\n\n\n<p><a href=\"https:\/\/www.canadahelps.org\/fr\/organismesdebienfaisance\/les-compagnons-de-chaudiere-bassin\">https:\/\/www.canadahelps.org\/fr\/organismesdebienfaisance\/les-compagnons-de-chaudiere-bassin<\/a><\/p>\n\n\n\n<p>Depuis 2022 GIRAM s\u2019est dot\u00e9 d\u2019une Fondation \u00e0 la suite de sa fusion avec le groupe les Compagnons de Chaudi\u00e8re-Bassin qui avait&nbsp; cess\u00e9 ses activit\u00e9s. La Fondation s\u2019est donn\u00e9 les objectifs qui suivent&nbsp;:<\/p>\n\n\n\n<p>La fondation Environnement GIRAM \u00e9met,&nbsp;pour tout don de 30 $ et plus, un re\u00e7u officiel aux fins de l\u2019imp\u00f4t.<\/p>\n","protected":false},"excerpt":{"rendered":"<p>Vous pouvez contribuer par un ch\u00e8que \u00e0 l\u2019ordre de la&nbsp;Fondation Environnement GIRAM et le faire parvenir par la poste \u00e0 l\u2019adresse suivante: FONDATION ENVIRONNEMENT GIRAM GIRAM, 4870, boul. Guillaume-Couture, L\u00e9vis, G6V 0E8 Avec Interac\u00a0: utilisez : 581-986-8290 ou encore avec une carte de cr\u00e9dit, en utilisant Zeffy: https:\/\/www.zeffy.com\/donation-form\/c68aeffd-0c13-407c-b4ef-650e92c15921 Avec CanaDon: carte de cr\u00e9dit et PayPal&hellip;<\/p>\n","protected":false},"author":2,"featured_media":0,"parent":0,"menu_order":0,"comment_status":"closed","ping_status":"closed","template":"","meta":{"footnotes":""},"class_list":["post-2835","page","type-page","status-publish","hentry"],"_links":{"self":[{"href":"http:\/\/giram.ca\/index.php?rest_route=\/wp\/v2\/pages\/2835","targetHints":{"allow":["GET"]}}],"collection":[{"href":"http:\/\/giram.ca\/index.php?rest_route=\/wp\/v2\/pages"}],"about":[{"href":"http:\/\/giram.ca\/index.php?rest_route=\/wp\/v2\/types\/page"}],"author":[{"embeddable":true,"href":"http:\/\/giram.ca\/index.php?rest_route=\/wp\/v2\/users\/2"}],"replies":[{"embeddable":true,"href":"http:\/\/giram.ca\/index.php?rest_route=%2Fwp%2Fv2%2Fcomments&post=2835"}],"version-history":[{"count":17,"href":"http:\/\/giram.ca\/index.php?rest_route=\/wp\/v2\/pages\/2835\/revisions"}],"predecessor-version":[{"id":4655,"href":"http:\/\/giram.ca\/index.php?rest_route=\/wp\/v2\/pages\/2835\/revisions\/4655"}],"wp:attachment":[{"href":"http:\/\/giram.ca\/index.php?rest_route=%2Fwp%2Fv2%2Fmedia&parent=2835"}],"curies":[{"name":"wp","href":"https:\/\/api.w.org\/{rel}","templated":true}]}}